{"id":225,"date":"2025-07-30T22:02:04","date_gmt":"2025-07-30T20:02:04","guid":{"rendered":"http:\/\/neu.getout-app.com\/?page_id=225"},"modified":"2025-08-01T17:21:24","modified_gmt":"2025-08-01T15:21:24","slug":"impressum","status":"publish","type":"page","link":"https:\/\/getout-app.com\/en\/impressum\/","title":{"rendered":"Impressum"},"content":{"rendered":"<div data-elementor-type=\"wp-page\" data-elementor-id=\"225\" class=\"elementor elementor-225\" data-elementor-post-type=\"page\">\n\t\t\t\t<div class=\"elementor-element elementor-element-ec5dcbc e-con-full e-flex e-con e-parent\" data-id=\"ec5dcbc\" data-element_type=\"container\" data-e-type=\"container\" data-settings=\"{&quot;background_background&quot;:&quot;classic&quot;,&quot;motion_fx_motion_fx_scrolling&quot;:&quot;yes&quot;,&quot;motion_fx_range&quot;:&quot;viewport&quot;,&quot;motion_fx_devices&quot;:[&quot;desktop&quot;,&quot;tablet&quot;,&quot;mobile&quot;]}\">\n\t\t<div class=\"elementor-element elementor-element-f72d319 e-flex e-con-boxed e-con e-child\" data-id=\"f72d319\" data-element_type=\"container\" data-e-type=\"container\">\n\t\t\t\t\t<div class=\"e-con-inner\">\n\t\t\t\t<div class=\"elementor-element elementor-element-1db11b46 elementor-widget elementor-widget-heading\" data-id=\"1db11b46\" data-element_type=\"widget\" data-e-type=\"widget\" data-widget_type=\"heading.default\">\n\t\t\t\t\t<h1 class=\"elementor-heading-title elementor-size-default\">Impressum<\/h1>\t\t\t\t<\/div>\n\t\t\t\t<div class=\"elementor-element elementor-element-347dd505 elementor-widget elementor-widget-heading\" data-id=\"347dd505\" data-element_type=\"widget\" data-e-type=\"widget\" data-widget_type=\"heading.default\">\n\t\t\t\t\t<h2 class=\"elementor-heading-title elementor-size-default\">Verantwortung hat einen Namen.<\/h2>\t\t\t\t<\/div>\n\t\t\t\t\t<\/div>\n\t\t\t\t<\/div>\n\t\t\t\t<\/div>\n\t\t<div class=\"elementor-element elementor-element-678f99f4 e-flex e-con-boxed e-con e-parent\" data-id=\"678f99f4\" data-element_type=\"container\" data-e-type=\"container\">\n\t\t\t\t\t<div class=\"e-con-inner\">\n\t\t\t\t<div class=\"elementor-element elementor-element-61d401fd elementor-widget elementor-widget-text-editor\" data-id=\"61d401fd\" data-element_type=\"widget\" data-e-type=\"widget\" data-widget_type=\"text-editor.default\">\n\t\t\t\t\t\t\t\t\t<p>Impressum<\/p><p>Angaben gem\u00e4\u00df \u00a7 5 TMG &amp; \u00a7 18 Abs. 2 MStV<\/p><p>Verantwortlich f\u00fcr den Inhalt dieser Seite:<\/p><p>GetOut \u2013 Ein privates Projekt von<\/p><p>Lasse Barde und Jan-Hendrik Carstens<\/p><p>Dannweg 10<\/p><p>25591 Ottenb\u00fcttel<\/p><p>E-Mail: kontakt@getout-app.de<\/p><p>Telefon: +49 (0) 15678 979092<\/p><p>Da GetOut aktuell kein eingetragenes Unternehmen ist, handelt es sich um ein privat betriebenes Projekt. Die Plattform dient ausschlie\u00dflich zu Informations- und Pr\u00e4sentationszwecken im Rahmen der Projektentwicklung.<\/p><p>Verantwortlich gem\u00e4\u00df \u00a7 18 Abs. 2 MStV:<\/p><p>Lasse Barde und Jan-Hendrik Carstens<\/p><p>Anschrift siehe oben<\/p><p>Haftungsausschluss<\/p><p>Haftung f\u00fcr Inhalte<\/p><p>Die Inhalte unserer Seiten wurden mit gr\u00f6\u00dfter Sorgfalt erstellt. F\u00fcr die Richtigkeit, Vollst\u00e4ndigkeit und Aktualit\u00e4t der Inhalte k\u00f6nnen wir jedoch keine Gew\u00e4hr \u00fcbernehmen.<\/p><p>Haftung f\u00fcr Links<\/p><p>Unser Angebot enth\u00e4lt Links zu externen Webseiten Dritter, auf deren Inhalte wir keinen Einfluss haben. Deshalb k\u00f6nnen wir f\u00fcr diese fremden Inhalte auch keine Gew\u00e4hr \u00fcbernehmen.<\/p><p>Urheberrecht<\/p><p>Die durch die Seitenbetreiber erstellten Inhalte und Werke auf dieser Website unterliegen dem deutschen Urheberrecht. Downloads und Kopien dieser Seite sind nur f\u00fcr den privaten, nicht kommerziellen Gebrauch gestattet.<\/p><p>Datenschutz<\/p><p>Informationen zur Verarbeitung personenbezogener Daten findest du in unserer Datenschutzerkl\u00e4rung.<\/p><p>Streitbeilegung\u00a0\u00a0<\/p><p>Die Europ\u00e4ische Kommission stellt eine Plattform zur Online-Streitbeilegung (OS) bereit: https:\/\/ec.europa.eu\/consumers\/odr.<\/p><p>Wir sind nicht verpflichtet und nicht bereit, an einem Streitbeilegungsverfahren vor einer Verbraucherschlichtungsstelle teilzunehmen.<\/p>\t\t\t\t\t\t\t\t<\/div>\n\t\t\t\t\t<\/div>\n\t\t\t\t<\/div>\n\t\t\t\t<\/div>","protected":false},"excerpt":{"rendered":"<p>Impressum Verantwortung hat einen Namen. Impressum Angaben gem\u00e4\u00df \u00a7 5 TMG &amp; \u00a7 18 Abs. 2 MStV Verantwortlich f\u00fcr den Inhalt dieser Seite: GetOut \u2013 Ein privates Projekt von Lasse Barde und Jan-Hendrik Carstens Dannweg 10 25591 Ottenb\u00fcttel E-Mail: kontakt@getout-app.de Telefon: +49 (0) 15678 979092 Da GetOut aktuell kein eingetragenes Unternehmen ist, handelt es sich [&hellip;]<\/p>","protected":false},"author":1,"featured_media":0,"parent":0,"menu_order":0,"comment_status":"closed","ping_status":"closed","template":"","meta":{"footnotes":""},"class_list":["post-225","page","type-page","status-publish","hentry"],"_links":{"self":[{"href":"https:\/\/getout-app.com\/en\/wp-json\/wp\/v2\/pages\/225","targetHints":{"allow":["GET"]}}],"collection":[{"href":"https:\/\/getout-app.com\/en\/wp-json\/wp\/v2\/pages"}],"about":[{"href":"https:\/\/getout-app.com\/en\/wp-json\/wp\/v2\/types\/page"}],"author":[{"embeddable":true,"href":"https:\/\/getout-app.com\/en\/wp-json\/wp\/v2\/users\/1"}],"replies":[{"embeddable":true,"href":"https:\/\/getout-app.com\/en\/wp-json\/wp\/v2\/comments?post=225"}],"version-history":[{"count":19,"href":"https:\/\/getout-app.com\/en\/wp-json\/wp\/v2\/pages\/225\/revisions"}],"predecessor-version":[{"id":796,"href":"https:\/\/getout-app.com\/en\/wp-json\/wp\/v2\/pages\/225\/revisions\/796"}],"wp:attachment":[{"href":"https:\/\/getout-app.com\/en\/wp-json\/wp\/v2\/media?parent=225"}],"curies":[{"name":"wp","href":"https:\/\/api.w.org\/{rel}","templated":true}]}}